{"id":112,"date":"2023-09-24T20:12:52","date_gmt":"2023-09-24T18:12:52","guid":{"rendered":"https:\/\/szablony.studiowww11.usermd.net\/g01\/?page_id=112"},"modified":"2023-09-25T10:48:36","modified_gmt":"2023-09-25T08:48:36","slug":"o-nas","status":"publish","type":"page","link":"https:\/\/szablony.studiowww.com.pl\/01\/o-nas\/","title":{"rendered":"O nas"},"content":{"rendered":"\t\t<div data-elementor-type=\"wp-page\" data-elementor-id=\"112\" class=\"elementor elementor-112\" data-elementor-post-type=\"page\">\n\t\t\t\t\t\t<section class=\"elementor-section elementor-top-section elementor-element elementor-element-49fb58cb elementor-section-boxed elementor-section-height-default elementor-section-height-default\" data-id=\"49fb58cb\" data-element_type=\"section\">\n\t\t\t\t\t\t<div class=\"elementor-container elementor-column-gap-no\">\n\t\t\t\t\t<div class=\"elementor-column elementor-col-100 elementor-top-column elementor-element elementor-element-7114eaac\" data-id=\"7114eaac\" data-element_type=\"column\">\n\t\t\t<div class=\"elementor-widget-wrap elementor-element-populated\">\n\t\t\t\t\t\t<div class=\"elementor-element elementor-element-1e4079b0 elementor-widget elementor-widget-heading\" data-id=\"1e4079b0\" data-element_type=\"widget\" data-widget_type=\"heading.default\">\n\t\t\t\t<div class=\"elementor-widget-container\">\n\t\t\t\t\t<h1 class=\"elementor-heading-title elementor-size-default\">O nas<\/h1>\t\t\t\t<\/div>\n\t\t\t\t<\/div>\n\t\t\t\t<section class=\"elementor-section elementor-inner-section elementor-element elementor-element-2c49909c elementor-section-boxed elementor-section-height-default elementor-section-height-default\" data-id=\"2c49909c\" data-element_type=\"section\">\n\t\t\t\t\t\t<div class=\"elementor-container elementor-column-gap-no\">\n\t\t\t\t\t<div class=\"elementor-column elementor-col-33 elementor-inner-column elementor-element elementor-element-7543944d\" data-id=\"7543944d\" data-element_type=\"column\">\n\t\t\t<div class=\"elementor-widget-wrap elementor-element-populated\">\n\t\t\t\t\t\t<div class=\"elementor-element elementor-element-2ad2f7b7 elementor-widget elementor-widget-image\" data-id=\"2ad2f7b7\" data-element_type=\"widget\" data-widget_type=\"image.default\">\n\t\t\t\t<div class=\"elementor-widget-container\">\n\t\t\t\t\t\t\t\t\t\t\t\t\t\t\t<img fetchpriority=\"high\" decoding=\"async\" width=\"2000\" height=\"1333\" src=\"https:\/\/szablony.studiowww.com.pl\/01\/wp-content\/uploads\/2023\/09\/professional-young-female-doctor-cosmetologist-doi-2021-12-09-09-20-44-utc.jpg\" class=\"attachment-full size-full wp-image-150\" alt=\"\" srcset=\"https:\/\/szablony.studiowww.com.pl\/01\/wp-content\/uploads\/2023\/09\/professional-young-female-doctor-cosmetologist-doi-2021-12-09-09-20-44-utc.jpg 2000w, https:\/\/szablony.studiowww.com.pl\/01\/wp-content\/uploads\/2023\/09\/professional-young-female-doctor-cosmetologist-doi-2021-12-09-09-20-44-utc-300x200.jpg 300w, https:\/\/szablony.studiowww.com.pl\/01\/wp-content\/uploads\/2023\/09\/professional-young-female-doctor-cosmetologist-doi-2021-12-09-09-20-44-utc-1024x682.jpg 1024w, https:\/\/szablony.studiowww.com.pl\/01\/wp-content\/uploads\/2023\/09\/professional-young-female-doctor-cosmetologist-doi-2021-12-09-09-20-44-utc-768x512.jpg 768w, https:\/\/szablony.studiowww.com.pl\/01\/wp-content\/uploads\/2023\/09\/professional-young-female-doctor-cosmetologist-doi-2021-12-09-09-20-44-utc-1536x1024.jpg 1536w\" sizes=\"(max-width: 2000px) 100vw, 2000px\" \/>\t\t\t\t\t\t\t\t\t\t\t\t\t\t\t<\/div>\n\t\t\t\t<\/div>\n\t\t\t\t\t<\/div>\n\t\t<\/div>\n\t\t\t\t<div class=\"elementor-column elementor-col-33 elementor-inner-column elementor-element elementor-element-3b3409b7 elementor-hidden-mobile\" data-id=\"3b3409b7\" data-element_type=\"column\" data-settings=\"{&quot;background_background&quot;:&quot;classic&quot;}\">\n\t\t\t<div class=\"elementor-widget-wrap\">\n\t\t\t\t\t\t\t<\/div>\n\t\t<\/div>\n\t\t\t\t<div class=\"elementor-column elementor-col-33 elementor-inner-column elementor-element elementor-element-184001a3\" data-id=\"184001a3\" data-element_type=\"column\">\n\t\t\t<div class=\"elementor-widget-wrap elementor-element-populated\">\n\t\t\t\t\t\t<div class=\"elementor-element elementor-element-670fb2ee elementor-widget elementor-widget-image\" data-id=\"670fb2ee\" data-element_type=\"widget\" data-widget_type=\"image.default\">\n\t\t\t\t<div class=\"elementor-widget-container\">\n\t\t\t\t\t\t\t\t\t\t\t\t\t\t\t<img decoding=\"async\" width=\"2000\" height=\"1333\" src=\"https:\/\/szablony.studiowww.com.pl\/01\/wp-content\/uploads\/2023\/09\/beauty-procedure-ultrasonic-peeling-in-cosmetology-2022-11-15-15-05-12-utc.jpg\" class=\"attachment-full size-full wp-image-146\" alt=\"\" srcset=\"https:\/\/szablony.studiowww.com.pl\/01\/wp-content\/uploads\/2023\/09\/beauty-procedure-ultrasonic-peeling-in-cosmetology-2022-11-15-15-05-12-utc.jpg 2000w, https:\/\/szablony.studiowww.com.pl\/01\/wp-content\/uploads\/2023\/09\/beauty-procedure-ultrasonic-peeling-in-cosmetology-2022-11-15-15-05-12-utc-300x200.jpg 300w, https:\/\/szablony.studiowww.com.pl\/01\/wp-content\/uploads\/2023\/09\/beauty-procedure-ultrasonic-peeling-in-cosmetology-2022-11-15-15-05-12-utc-1024x682.jpg 1024w, https:\/\/szablony.studiowww.com.pl\/01\/wp-content\/uploads\/2023\/09\/beauty-procedure-ultrasonic-peeling-in-cosmetology-2022-11-15-15-05-12-utc-768x512.jpg 768w, https:\/\/szablony.studiowww.com.pl\/01\/wp-content\/uploads\/2023\/09\/beauty-procedure-ultrasonic-peeling-in-cosmetology-2022-11-15-15-05-12-utc-1536x1024.jpg 1536w\" sizes=\"(max-width: 2000px) 100vw, 2000px\" \/>\t\t\t\t\t\t\t\t\t\t\t\t\t\t\t<\/div>\n\t\t\t\t<\/div>\n\t\t\t\t\t<\/div>\n\t\t<\/div>\n\t\t\t\t\t<\/div>\n\t\t<\/section>\n\t\t\t\t\t<\/div>\n\t\t<\/div>\n\t\t\t\t\t<\/div>\n\t\t<\/section>\n\t\t\t\t<section class=\"elementor-section elementor-top-section elementor-element elementor-element-1a4228ed elementor-section-boxed elementor-section-height-default elementor-section-height-default\" data-id=\"1a4228ed\" data-element_type=\"section\">\n\t\t\t\t\t\t<div class=\"elementor-container elementor-column-gap-no\">\n\t\t\t\t\t<div class=\"elementor-column elementor-col-100 elementor-top-column elementor-element elementor-element-5816d467\" data-id=\"5816d467\" data-element_type=\"column\">\n\t\t\t<div class=\"elementor-widget-wrap elementor-element-populated\">\n\t\t\t\t\t\t<div class=\"elementor-element elementor-element-2a1dbf4b elementor-widget elementor-widget-text-editor\" data-id=\"2a1dbf4b\" data-element_type=\"widget\" data-widget_type=\"text-editor.default\">\n\t\t\t\t<div class=\"elementor-widget-container\">\n\t\t\t\t\t\t\t\t\t<p>Lorem ipsum dolor sit amet, consectetur adipiscing elit. Cras volutpat metus id placerat convallis. Aenean ac dolor ullamcorper, bibendum purus a, fermentum lorem. Aliquam vel velit elit. Fusce aliquet efficitur malesuada. Sed quis pulvinar augue. Suspendisse molestie diam eu tortor tempor, bibendum ornare nibh lacinia. Donec hendrerit cursus turpis, viverra varius ex bibendum sit amet. Fusce ac viverra tellus. Nunc tincidunt mauris consectetur tristique consectetur. Duis quis felis neque. Sed a pulvinar metus. Morbi vitae lacinia elit. Sed vestibulum vitae mauris quis mattis. Sed suscipit est molestie tellus tempor viverra.<\/p><p>Nullam sagittis iaculis ullamcorper. Morbi sed lectus sit amet orci sodales tristique. Maecenas sagittis rutrum est quis tempor. Ut blandit efficitur nisi nec suscipit. Sed mollis ut quam vel elementum. Etiam at placerat magna. Nam venenatis leo quis nulla volutpat, et tincidunt quam sollicitudin. Donec sit amet ante quis quam blandit interdum. Aliquam pretium felis nec ipsum egestas elementum vitae nec turpis. Curabitur et vulputate velit.<\/p><p>Nam eu leo ante. Suspendisse at nisi vulputate, tempor elit non, mollis ligula. Nam vel tristique tellus, sit amet dignissim nisi. Nullam dignissim nec urna non pretium. In hac habitasse platea dictumst. Ut eget fringilla dolor, id posuere ipsum. Morbi molestie augue vel bibendum suscipit. Vestibulum venenatis rutrum libero eu facilisis. Quisque in neque eget metus ullamcorper sodales eget eu massa. Phasellus auctor porttitor ligula vitae blandit. Aliquam facilisis nibh non purus eleifend, sed mollis nisl commodo.<\/p><p>Fusce libero enim, condimentum eu venenatis sed, venenatis vel sem. Phasellus leo arcu, euismod id ipsum id, ullamcorper dapibus quam. Vestibulum finibus libero odio, nec volutpat ligula imperdiet pulvinar. Fusce non arcu sagittis, volutpat nisl a, sagittis sem. Mauris tempus massa vel sem imperdiet, nec pellentesque ipsum volutpat. Curabitur accumsan cursus sapien. Nam nunc turpis, convallis fermentum ornare eget, rhoncus sollicitudin velit. Praesent imperdiet urna aliquam odio scelerisque vehicula.<\/p>\t\t\t\t\t\t\t\t<\/div>\n\t\t\t\t<\/div>\n\t\t\t\t<div class=\"elementor-element elementor-element-73e907c3 elementor-widget elementor-widget-elementskit-heading\" data-id=\"73e907c3\" data-element_type=\"widget\" data-widget_type=\"elementskit-heading.default\">\n\t\t\t\t<div class=\"elementor-widget-container\">\n\t\t\t\t\t<div class=\"ekit-wid-con\" ><div class=\"ekit-heading elementskit-section-title-wraper text_center   ekit_heading_tablet-   ekit_heading_mobile-\"><h2 class=\"elementskit-section-subtitle  \">\n\t\t\t\t\t\tWPROWADZENIE\n\t\t\t\t\t<\/h2><div class=\"ekit_heading_separetor_wraper ekit_heading_elementskit-border-divider elementskit-style-long\"><div class=\"elementskit-border-divider elementskit-style-long\"><\/div><\/div><h3 class=\"ekit-heading--title elementskit-section-title \">Kilka cytat\u00f3w za\u0142o\u017cyciela i w\u0142a\u015bciciela kliniki<\/h3>\t\t\t\t<div class='ekit-heading__description'>\n\t\t\t\t\t<p>\"At risus viverra adipiscing at in tellus integer feugiat scelerisque. Pharetra diam sit amet nisl suscipit.\"<\/p>\n<p>\"Risus commodo viverra maecenas accumsan lacus vel facilisis volutpat est. Elit pellentesque habitant morbi tristique senectus et netus et malesuada.\"<\/p>\n\t\t\t\t<\/div>\n\t\t\t<\/div><\/div>\t\t\t\t<\/div>\n\t\t\t\t<\/div>\n\t\t\t\t<div class=\"elementor-element elementor-element-3ca86637 elementor-widget elementor-widget-text-editor\" data-id=\"3ca86637\" data-element_type=\"widget\" data-widget_type=\"text-editor.default\">\n\t\t\t\t<div class=\"elementor-widget-container\">\n\t\t\t\t\t\t\t\t\t<p>Clary Laurent<\/p>\t\t\t\t\t\t\t\t<\/div>\n\t\t\t\t<\/div>\n\t\t\t\t\t<\/div>\n\t\t<\/div>\n\t\t\t\t\t<\/div>\n\t\t<\/section>\n\t\t\t\t<\/div>\n\t\t","protected":false},"excerpt":{"rendered":"<p>Lorem ipsum dolor sit amet, consectetur adipiscing elit. Cras volutpat metus id placerat convallis. Aenean ac dolor ullamcorper, bibendum purus a, fermentum lorem. Aliquam vel velit elit. Fusce aliquet efficitur malesuada. Sed quis pulvinar augue. Suspendisse molestie diam eu tortor tempor, bibendum ornare nibh lacinia. Donec hendrerit cursus turpis, viverra varius ex bibendum sit amet. [&hellip;]<\/p>\n","protected":false},"author":1,"featured_media":0,"parent":0,"menu_order":0,"comment_status":"closed","ping_status":"closed","template":"","meta":{"footnotes":""},"class_list":["post-112","page","type-page","status-publish","hentry"],"_links":{"self":[{"href":"https:\/\/szablony.studiowww.com.pl\/01\/wp-json\/wp\/v2\/pages\/112","targetHints":{"allow":["GET"]}}],"collection":[{"href":"https:\/\/szablony.studiowww.com.pl\/01\/wp-json\/wp\/v2\/pages"}],"about":[{"href":"https:\/\/szablony.studiowww.com.pl\/01\/wp-json\/wp\/v2\/types\/page"}],"author":[{"embeddable":true,"href":"https:\/\/szablony.studiowww.com.pl\/01\/wp-json\/wp\/v2\/users\/1"}],"replies":[{"embeddable":true,"href":"https:\/\/szablony.studiowww.com.pl\/01\/wp-json\/wp\/v2\/comments?post=112"}],"version-history":[{"count":43,"href":"https:\/\/szablony.studiowww.com.pl\/01\/wp-json\/wp\/v2\/pages\/112\/revisions"}],"predecessor-version":[{"id":375,"href":"https:\/\/szablony.studiowww.com.pl\/01\/wp-json\/wp\/v2\/pages\/112\/revisions\/375"}],"wp:attachment":[{"href":"https:\/\/szablony.studiowww.com.pl\/01\/wp-json\/wp\/v2\/media?parent=112"}],"curies":[{"name":"wp","href":"https:\/\/api.w.org\/{rel}","templated":true}]}}